{"id":22,"date":"2020-08-19T14:47:59","date_gmt":"2020-08-19T12:47:59","guid":{"rendered":"https:\/\/www.peep-3b.re\/website\/?page_id=22"},"modified":"2020-08-27T19:25:12","modified_gmt":"2020-08-27T17:25:12","slug":"contact","status":"publish","type":"page","link":"https:\/\/www.peep-3b.re\/website\/contact\/","title":{"rendered":"Contact"},"content":{"rendered":"\n<h3 class=\"has-text-align-center\"><strong>0262.24.32.44 &#8211; 0263.05.13.66<\/strong><br>assopeep3b@gmail.com<\/h3>\n\n\n\n<p class=\"has-text-align-center\">5 Rue du P\u00e8re Jonas Hoareau, 97426 LES TROIS-BASSINS<\/p>\n\n\n<p><iframe src=\"https:\/\/www.google.com\/maps\/embed?pb=!1m14!1m8!1m3!1d14888.683970177723!2d55.2943721!3d-21.105748!3m2!1i1024!2i768!4f13.1!3m3!1m2!1s0x0%3A0xe83846ee1d3a9a6f!2sAssociation%20P.E.E.P%20de%20Trois-Bassins!5e0!3m2!1sfr!2sfr!4v1597840799246!5m2!1sfr!2sfr\" width=\"600\" height=\"450\" frameborder=\"0\" style=\"border:0;\" allowfullscreen=\"\" aria-hidden=\"false\" tabindex=\"0\"><\/iframe><\/p>\n\n\n\n<h2 class=\"has-text-align-center\">Horaire d&rsquo;ouverture*<\/h2>\n\n\n\n<p class=\"has-text-align-center\">Nous sommes g\u00e9n\u00e9ralement ouvert aux horaires suivantes :<\/p>\n\n\n\n<blockquote class=\"wp-block-quote\"><p><strong>Exceptionnellement <\/strong>nous serons <span style=\"text-decoration: underline;\">ouverts les mardis et les jeudis<\/span> de <span style=\"text-decoration: underline;\"><strong>13h30 \u00e0 15h30<\/strong><\/span> pour <span style=\"text-decoration: underline;\">tout le mois de Septembre<\/span>.<br><span style=\"text-decoration: underline;\"><strong>Nous serons ferm\u00e9s le Lundi 31 Ao\u00fbt.<\/strong><\/span><\/p><\/blockquote>\n\n\n\n<figure class=\"wp-block-table is-style-stripes\"><table><tbody><tr><td class=\"has-text-align-center\" data-align=\"center\">Lundi<\/td><td class=\"has-text-align-center\" data-align=\"center\">Mardi<\/td><td class=\"has-text-align-center\" data-align=\"center\">Mercredi<\/td><td class=\"has-text-align-center\" data-align=\"center\">Jeudi<\/td><td class=\"has-text-align-center\" data-align=\"center\">Vendredi<\/td><\/tr><tr><td class=\"has-text-align-center\" data-align=\"center\">08h30<br>12h00<\/td><td class=\"has-text-align-center\" data-align=\"center\">08h30<br>12h00<\/td><td class=\"has-text-align-center\" data-align=\"center\">08h30<br>12h00<\/td><td class=\"has-text-align-center\" data-align=\"center\">08h30<br>12h00<\/td><td class=\"has-text-align-center\" data-align=\"center\">08h30<br>12h00<\/td><\/tr><\/tbody><\/table><\/figure>\n\n\n\n<p class=\"has-text-align-left\">\u00c9tant une association de b\u00e9n\u00e9vole, les horaires peuvent varier selon la disponibilit\u00e9 des b\u00e9n\u00e9voles, merci de nous contacter avant de vous d\u00e9placer.<\/p>\n\n\n\n<p><sup>* Les horaires suivantes sont celles hors p\u00e9riode de distribution ou restitution des manuels scolaires. <\/sup><\/p>\n","protected":false},"excerpt":{"rendered":"<p>0262.24.32.44 &#8211; 0263.05.13.66assopeep3b@gmail.com 5 Rue du P\u00e8re Jonas Hoareau, 97426 LES TROIS-BASSINS Horaire d&rsquo;ouverture* Nous sommes g\u00e9n\u00e9ralement ouvert aux horaires suivantes : Exceptionnellement nous serons ouverts les mardis et les jeudis de 13h30 \u00e0 15h30 pour tout le mois de Septembre.Nous serons ferm\u00e9s le Lundi 31 Ao\u00fbt. Lundi Mardi Mercredi Jeudi Vendredi 08h3012h00 08h3012h00 08h3012h00 [&hellip;]<\/p>\n","protected":false},"author":1,"featured_media":0,"parent":0,"menu_order":0,"comment_status":"closed","ping_status":"closed","template":"","meta":[],"_links":{"self":[{"href":"https:\/\/www.peep-3b.re\/website\/wp-json\/wp\/v2\/pages\/22"}],"collection":[{"href":"https:\/\/www.peep-3b.re\/website\/wp-json\/wp\/v2\/pages"}],"about":[{"href":"https:\/\/www.peep-3b.re\/website\/wp-json\/wp\/v2\/types\/page"}],"author":[{"embeddable":true,"href":"https:\/\/www.peep-3b.re\/website\/wp-json\/wp\/v2\/users\/1"}],"replies":[{"embeddable":true,"href":"https:\/\/www.peep-3b.re\/website\/wp-json\/wp\/v2\/comments?post=22"}],"version-history":[{"count":7,"href":"https:\/\/www.peep-3b.re\/website\/wp-json\/wp\/v2\/pages\/22\/revisions"}],"predecessor-version":[{"id":46,"href":"https:\/\/www.peep-3b.re\/website\/wp-json\/wp\/v2\/pages\/22\/revisions\/46"}],"wp:attachment":[{"href":"https:\/\/www.peep-3b.re\/website\/wp-json\/wp\/v2\/media?parent=22"}],"curies":[{"name":"wp","href":"https:\/\/api.w.org\/{rel}","templated":true}]}}